{"id":681,"date":"2022-03-25T09:23:01","date_gmt":"2022-03-25T09:23:01","guid":{"rendered":"https:\/\/beazaccelerationprogram.eus\/?page_id=681"},"modified":"2022-06-28T06:53:59","modified_gmt":"2022-06-28T06:53:59","slug":"programa-de-capacitacion","status":"publish","type":"page","link":"https:\/\/beazaccelerationprogram.eus\/es\/programa-de-capacitacion\/","title":{"rendered":"Programa de capacitaci\u00f3n para crecimiento empresarial"},"content":{"rendered":"<p>[vc_row rt_row_background_width=\u00bbdefault\u00bb rt_row_style=\u00bbdefault-style\u00bb rt_row_borders=\u00bb\u00bb rt_row_paddings=\u00bbtrue\u00bb rt_bg_effect=\u00bbclassic\u00bb rt_bg_image_repeat=\u00bbrepeat\u00bb rt_bg_size=\u00bbcover\u00bb rt_bg_position=\u00bbright top\u00bb rt_bg_attachment=\u00bbscroll\u00bb rt_bg_video_format=\u00bbself-hosted\u00bb][vc_column rt_wrp_col_paddings=\u00bbfalse\u00bb rt_border_top=\u00bb\u00bb rt_border_bottom=\u00bb\u00bb rt_border_left=\u00bb\u00bb rt_border_right=\u00bb\u00bb rt_border_top_mobile=\u00bb\u00bb rt_border_bottom_mobile=\u00bb\u00bb rt_border_left_mobile=\u00bb\u00bb rt_border_right_mobile=\u00bb\u00bb rt_bg_image_repeat=\u00bbrepeat\u00bb rt_bg_size=\u00bbauto auto\u00bb rt_bg_position=\u00bbright top\u00bb rt_bg_attachment=\u00bbscroll\u00bb][vc_column_text]<\/p>\n<p class=\"lead\"><img loading=\"lazy\" decoding=\"async\" class=\"alignright size-medium wp-image-760\" src=\"https:\/\/beazaccelerationprogram.eus\/wp-content\/uploads\/2022\/04\/01_02_University_CON_claim_H-300x159.png\" alt=\"\" width=\"300\" height=\"159\" srcset=\"https:\/\/beazaccelerationprogram.eus\/wp-content\/uploads\/2022\/04\/01_02_University_CON_claim_H-300x159.png 300w, https:\/\/beazaccelerationprogram.eus\/wp-content\/uploads\/2022\/04\/01_02_University_CON_claim_H-768x407.png 768w, https:\/\/beazaccelerationprogram.eus\/wp-content\/uploads\/2022\/04\/01_02_University_CON_claim_H.png 800w\" sizes=\"auto, (max-width: 300px) 100vw, 300px\" \/>Con 40 a\u00f1os de experiencia como actor de apoyo en el ecosistema emprendedor, el IE University colaborar\u00e1 con las startups participantes para dar el salto y escalar en un panorama empresarial complejo e incierto.<\/p>\n<p>A trav\u00e9s del programa de capacitaci\u00f3n para el crecimiento empresarial, dise\u00f1ado por personas emprendedoras para personas emprendedoras, busca brindar a las startups el conocimiento para hacer crecer negocios y la perspectiva de otros fundadores de negocios que enfrentan el mismo desaf\u00edo. Las personas formadoras seleccionadas para la formaci\u00f3n son todas emprendedoras o expertas que han vivido la experiencia de hacer crecer y escalar sus organizaciones.<\/p>\n<p>El programa de capacitaci\u00f3n para el crecimiento empresarial constar\u00e1 de 12 m\u00f3dulos de formaci\u00f3n, de 2,5 horas cada uno durante 6 meses. Los temas propuestos, validados durante a\u00f1os de impartici\u00f3n a personas empresarias y propietarias de empresas, son los siguientes:[\/vc_column_text][\/vc_column][\/vc_row][vc_row rt_row_background_width=\u00bbdefault\u00bb rt_row_style=\u00bbdefault-style\u00bb rt_row_borders=\u00bb\u00bb rt_row_paddings=\u00bbtrue\u00bb rt_bg_effect=\u00bbclassic\u00bb rt_bg_image_repeat=\u00bbrepeat\u00bb rt_bg_size=\u00bbcover\u00bb rt_bg_position=\u00bbright top\u00bb rt_bg_attachment=\u00bbscroll\u00bb rt_bg_video_format=\u00bbself-hosted\u00bb][vc_column width=\u00bb1\/2&#8243; rt_wrp_col_paddings=\u00bbfalse\u00bb rt_border_top=\u00bb\u00bb rt_border_bottom=\u00bb\u00bb rt_border_left=\u00bb\u00bb rt_border_right=\u00bb\u00bb rt_border_top_mobile=\u00bb\u00bb rt_border_bottom_mobile=\u00bb\u00bb rt_border_left_mobile=\u00bb\u00bb rt_border_right_mobile=\u00bb\u00bb rt_bg_image_repeat=\u00bbrepeat\u00bb rt_bg_size=\u00bbauto auto\u00bb rt_bg_position=\u00bbright top\u00bb rt_bg_attachment=\u00bbscroll\u00bb]<div class=\"cqlist-container \" data-isclickable=\"no\" data-clickedicon=\"\" style=\"width:;\"><div class=\"cqlist border\"><h3 style=\"color:#ffffff;background-color:#dd1616;\">M\u00f3dulos del programa<\/h3><ul><li><a href=\"#\" class=\"todolist-btn\" data-icon=\"fas fa-chevron-circle-right\"> <i class=\"cq-todolist-icon fas fa-chevron-circle-right\" style=\"color:;\"><\/i> <\/a><span class=\"todolist-content\">Exponencialidad<\/span><\/li><li><a href=\"#\" class=\"todolist-btn\" data-icon=\"fas fa-chevron-circle-right\"> <i class=\"cq-todolist-icon fas fa-chevron-circle-right\" style=\"color:;\"><\/i> <\/a><span class=\"todolist-content\">Liderazgo &amp; Organizaci\u00f3n<\/span><\/li><li><a href=\"#\" class=\"todolist-btn\" data-icon=\"fas fa-chevron-circle-right\"> <i class=\"cq-todolist-icon fas fa-chevron-circle-right\" style=\"color:;\"><\/i> <\/a><span class=\"todolist-content\">Escalar la estructura<\/span><\/li><li><a href=\"#\" class=\"todolist-btn\" data-icon=\"fas fa-chevron-circle-right\"> <i class=\"cq-todolist-icon fas fa-chevron-circle-right\" style=\"color:;\"><\/i> <\/a><span class=\"todolist-content\">Fundraising<\/span><\/li><li><a href=\"#\" class=\"todolist-btn\" data-icon=\"fas fa-chevron-circle-right\"> <i class=\"cq-todolist-icon fas fa-chevron-circle-right\" style=\"color:;\"><\/i> <\/a><span class=\"todolist-content\">Escalar las operaciones<\/span><\/li><li><a href=\"#\" class=\"todolist-btn\" data-icon=\"fas fa-chevron-circle-right\"> <i class=\"cq-todolist-icon fas fa-chevron-circle-right\" style=\"color:;\"><\/i> <\/a><span class=\"todolist-content\">Escalar las ventas<\/span><\/li><li><a href=\"#\" class=\"todolist-btn\" data-icon=\"fas fa-chevron-circle-right\"> <i class=\"cq-todolist-icon fas fa-chevron-circle-right\" style=\"color:;\"><\/i> <\/a><span class=\"todolist-content\">Cultura como palanca<\/span><\/li><li><a href=\"#\" class=\"todolist-btn\" data-icon=\"fas fa-chevron-circle-right\"> <i class=\"cq-todolist-icon fas fa-chevron-circle-right\" style=\"color:;\"><\/i> <\/a><span class=\"todolist-content\">Talento, retenci\u00f3n y hiring<\/span><\/li><li><a href=\"#\" class=\"todolist-btn\" data-icon=\"fas fa-chevron-circle-right\"> <i class=\"cq-todolist-icon fas fa-chevron-circle-right\" style=\"color:;\"><\/i> <\/a><span class=\"todolist-content\">BoardGovernance<\/span><\/li><li><a href=\"#\" class=\"todolist-btn\" data-icon=\"fas fa-chevron-circle-right\"> <i class=\"cq-todolist-icon fas fa-chevron-circle-right\" style=\"color:;\"><\/i> <\/a><span class=\"todolist-content\">M&amp;A para Scaleups<\/span><\/li><li><a href=\"#\" class=\"todolist-btn\" data-icon=\"fas fa-chevron-circle-right\"> <i class=\"cq-todolist-icon fas fa-chevron-circle-right\" style=\"color:;\"><\/i> <\/a><span class=\"todolist-content\">Producto y Tecnolog\u00eda<\/span><\/li><li><a href=\"#\" class=\"todolist-btn\" data-icon=\"fas fa-chevron-circle-right\"> <i class=\"cq-todolist-icon fas fa-chevron-circle-right\" style=\"color:;\"><\/i> <\/a><span class=\"todolist-content\">Resumen y Conclusiones<\/span><\/li><\/ul><\/div><\/div>[\/vc_column][vc_column width=\u00bb1\/2&#8243; rt_wrp_col_paddings=\u00bbfalse\u00bb rt_border_top=\u00bb\u00bb rt_border_bottom=\u00bb\u00bb rt_border_left=\u00bb\u00bb rt_border_right=\u00bb\u00bb rt_border_top_mobile=\u00bb\u00bb rt_border_bottom_mobile=\u00bb\u00bb rt_border_left_mobile=\u00bb\u00bb rt_border_right_mobile=\u00bb\u00bb rt_bg_image_repeat=\u00bbrepeat\u00bb rt_bg_size=\u00bbauto auto\u00bb rt_bg_position=\u00bbright top\u00bb rt_bg_attachment=\u00bbscroll\u00bb][\/vc_column][\/vc_row]<\/p>\n","protected":false},"excerpt":{"rendered":"<p>[vc_row rt_row_background_width=\u00bbdefault\u00bb rt_row_style=\u00bbdefault-style\u00bb rt_row_borders=\u00bb\u00bb rt_row_paddings=\u00bbtrue\u00bb rt_bg_effect=\u00bbclassic\u00bb rt_bg_image_repeat=\u00bbrepeat\u00bb rt_bg_size=\u00bbcover\u00bb rt_bg_position=\u00bbright top\u00bb rt_bg_attachment=\u00bbscroll\u00bb rt_bg_video_format=\u00bbself-hosted\u00bb][vc_column rt_wrp_col_paddings=\u00bbfalse\u00bb rt_border_top=\u00bb\u00bb rt_border_bottom=\u00bb\u00bb rt_border_left=\u00bb\u00bb rt_border_right=\u00bb\u00bb rt_border_top_mobile=\u00bb\u00bb rt_border_bottom_mobile=\u00bb\u00bb rt_border_left_mobile=\u00bb\u00bb rt_border_right_mobile=\u00bb\u00bb rt_bg_image_repeat=\u00bbrepeat\u00bb rt_bg_size=\u00bbauto auto\u00bb rt_bg_position=\u00bbright top\u00bb rt_bg_attachment=\u00bbscroll\u00bb][vc_column_text] Con 40 a\u00f1os de experiencia como actor de apoyo en el ecosistema emprendedor, el IE University colaborar\u00e1 con las startups participantes para dar el salto y escalar en [&hellip;]<\/p>\n","protected":false},"author":4,"featured_media":0,"parent":0,"menu_order":0,"comment_status":"closed","ping_status":"closed","template":"","meta":{"footnotes":""},"class_list":["post-681","page","type-page","status-publish","hentry"],"yoast_head":"<!-- This site is optimized with the Yoast SEO plugin v24.1 - https:\/\/yoast.com\/wordpress\/plugins\/seo\/ -->\n<title>Programa de capacitaci\u00f3n para crecimiento empresarial - Beaz Acceleration Program<\/title>\n<meta name=\"robots\" content=\"index, follow, max-snippet:-1, max-image-preview:large, max-video-preview:-1\" \/>\n<link rel=\"canonical\" href=\"https:\/\/beazaccelerationprogram.eus\/es\/programa-de-capacitacion\/\" \/>\n<meta property=\"og:locale\" content=\"es_ES\" \/>\n<meta property=\"og:type\" content=\"article\" \/>\n<meta property=\"og:title\" content=\"Programa de capacitaci\u00f3n para crecimiento empresarial - Beaz Acceleration Program\" \/>\n<meta property=\"og:description\" content=\"[vc_row rt_row_background_width=\u00bbdefault\u00bb rt_row_style=\u00bbdefault-style\u00bb rt_row_borders=\u00bb\u00bb rt_row_paddings=\u00bbtrue\u00bb rt_bg_effect=\u00bbclassic\u00bb rt_bg_image_repeat=\u00bbrepeat\u00bb rt_bg_size=\u00bbcover\u00bb rt_bg_position=\u00bbright top\u00bb rt_bg_attachment=\u00bbscroll\u00bb rt_bg_video_format=\u00bbself-hosted\u00bb][vc_column rt_wrp_col_paddings=\u00bbfalse\u00bb rt_border_top=\u00bb\u00bb rt_border_bottom=\u00bb\u00bb rt_border_left=\u00bb\u00bb rt_border_right=\u00bb\u00bb rt_border_top_mobile=\u00bb\u00bb rt_border_bottom_mobile=\u00bb\u00bb rt_border_left_mobile=\u00bb\u00bb rt_border_right_mobile=\u00bb\u00bb rt_bg_image_repeat=\u00bbrepeat\u00bb rt_bg_size=\u00bbauto auto\u00bb rt_bg_position=\u00bbright top\u00bb rt_bg_attachment=\u00bbscroll\u00bb][vc_column_text] Con 40 a\u00f1os de experiencia como actor de apoyo en el ecosistema emprendedor, el IE University colaborar\u00e1 con las startups participantes para dar el salto y escalar en [&hellip;]\" \/>\n<meta property=\"og:url\" content=\"https:\/\/beazaccelerationprogram.eus\/es\/programa-de-capacitacion\/\" \/>\n<meta property=\"og:site_name\" content=\"Beaz Acceleration Program\" \/>\n<meta property=\"article:modified_time\" content=\"2022-06-28T06:53:59+00:00\" \/>\n<meta property=\"og:image\" content=\"https:\/\/beazaccelerationprogram.eus\/wp-content\/uploads\/2022\/04\/01_02_University_CON_claim_H-300x159.png\" \/>\n<meta name=\"twitter:card\" content=\"summary_large_image\" \/>\n<meta name=\"twitter:label1\" content=\"Tiempo de lectura\" \/>\n\t<meta name=\"twitter:data1\" content=\"2 minutos\" \/>\n<script type=\"application\/ld+json\" class=\"yoast-schema-graph\">{\"@context\":\"https:\/\/schema.org\",\"@graph\":[{\"@type\":\"WebPage\",\"@id\":\"https:\/\/beazaccelerationprogram.eus\/es\/programa-de-capacitacion\/\",\"url\":\"https:\/\/beazaccelerationprogram.eus\/es\/programa-de-capacitacion\/\",\"name\":\"Programa de capacitaci\u00f3n para crecimiento empresarial - Beaz Acceleration Program\",\"isPartOf\":{\"@id\":\"https:\/\/beazaccelerationprogram.eus\/es\/#website\"},\"primaryImageOfPage\":{\"@id\":\"https:\/\/beazaccelerationprogram.eus\/es\/programa-de-capacitacion\/#primaryimage\"},\"image\":{\"@id\":\"https:\/\/beazaccelerationprogram.eus\/es\/programa-de-capacitacion\/#primaryimage\"},\"thumbnailUrl\":\"https:\/\/beazaccelerationprogram.eus\/wp-content\/uploads\/2022\/04\/01_02_University_CON_claim_H-300x159.png\",\"datePublished\":\"2022-03-25T09:23:01+00:00\",\"dateModified\":\"2022-06-28T06:53:59+00:00\",\"breadcrumb\":{\"@id\":\"https:\/\/beazaccelerationprogram.eus\/es\/programa-de-capacitacion\/#breadcrumb\"},\"inLanguage\":\"es\",\"potentialAction\":[{\"@type\":\"ReadAction\",\"target\":[\"https:\/\/beazaccelerationprogram.eus\/es\/programa-de-capacitacion\/\"]}]},{\"@type\":\"ImageObject\",\"inLanguage\":\"es\",\"@id\":\"https:\/\/beazaccelerationprogram.eus\/es\/programa-de-capacitacion\/#primaryimage\",\"url\":\"https:\/\/beazaccelerationprogram.eus\/wp-content\/uploads\/2022\/04\/01_02_University_CON_claim_H-300x159.png\",\"contentUrl\":\"https:\/\/beazaccelerationprogram.eus\/wp-content\/uploads\/2022\/04\/01_02_University_CON_claim_H-300x159.png\"},{\"@type\":\"BreadcrumbList\",\"@id\":\"https:\/\/beazaccelerationprogram.eus\/es\/programa-de-capacitacion\/#breadcrumb\",\"itemListElement\":[{\"@type\":\"ListItem\",\"position\":1,\"name\":\"Portada\",\"item\":\"https:\/\/beazaccelerationprogram.eus\/es\/\"},{\"@type\":\"ListItem\",\"position\":2,\"name\":\"Programa de capacitaci\u00f3n para crecimiento empresarial\"}]},{\"@type\":\"WebSite\",\"@id\":\"https:\/\/beazaccelerationprogram.eus\/es\/#website\",\"url\":\"https:\/\/beazaccelerationprogram.eus\/es\/\",\"name\":\"Beaz Acceleration Program\",\"description\":\"Programa de aceleraci\u00f3n para startups\",\"potentialAction\":[{\"@type\":\"SearchAction\",\"target\":{\"@type\":\"EntryPoint\",\"urlTemplate\":\"https:\/\/beazaccelerationprogram.eus\/es\/?s={search_term_string}\"},\"query-input\":{\"@type\":\"PropertyValueSpecification\",\"valueRequired\":true,\"valueName\":\"search_term_string\"}}],\"inLanguage\":\"es\"}]}<\/script>\n<!-- \/ Yoast SEO plugin. -->","yoast_head_json":{"title":"Programa de capacitaci\u00f3n para crecimiento empresarial - Beaz Acceleration Program","robots":{"index":"index","follow":"follow","max-snippet":"max-snippet:-1","max-image-preview":"max-image-preview:large","max-video-preview":"max-video-preview:-1"},"canonical":"https:\/\/beazaccelerationprogram.eus\/es\/programa-de-capacitacion\/","og_locale":"es_ES","og_type":"article","og_title":"Programa de capacitaci\u00f3n para crecimiento empresarial - Beaz Acceleration Program","og_description":"[vc_row rt_row_background_width=\u00bbdefault\u00bb rt_row_style=\u00bbdefault-style\u00bb rt_row_borders=\u00bb\u00bb rt_row_paddings=\u00bbtrue\u00bb rt_bg_effect=\u00bbclassic\u00bb rt_bg_image_repeat=\u00bbrepeat\u00bb rt_bg_size=\u00bbcover\u00bb rt_bg_position=\u00bbright top\u00bb rt_bg_attachment=\u00bbscroll\u00bb rt_bg_video_format=\u00bbself-hosted\u00bb][vc_column rt_wrp_col_paddings=\u00bbfalse\u00bb rt_border_top=\u00bb\u00bb rt_border_bottom=\u00bb\u00bb rt_border_left=\u00bb\u00bb rt_border_right=\u00bb\u00bb rt_border_top_mobile=\u00bb\u00bb rt_border_bottom_mobile=\u00bb\u00bb rt_border_left_mobile=\u00bb\u00bb rt_border_right_mobile=\u00bb\u00bb rt_bg_image_repeat=\u00bbrepeat\u00bb rt_bg_size=\u00bbauto auto\u00bb rt_bg_position=\u00bbright top\u00bb rt_bg_attachment=\u00bbscroll\u00bb][vc_column_text] Con 40 a\u00f1os de experiencia como actor de apoyo en el ecosistema emprendedor, el IE University colaborar\u00e1 con las startups participantes para dar el salto y escalar en [&hellip;]","og_url":"https:\/\/beazaccelerationprogram.eus\/es\/programa-de-capacitacion\/","og_site_name":"Beaz Acceleration Program","article_modified_time":"2022-06-28T06:53:59+00:00","og_image":[{"url":"https:\/\/beazaccelerationprogram.eus\/wp-content\/uploads\/2022\/04\/01_02_University_CON_claim_H-300x159.png","type":"","width":"","height":""}],"twitter_card":"summary_large_image","twitter_misc":{"Tiempo de lectura":"2 minutos"},"schema":{"@context":"https:\/\/schema.org","@graph":[{"@type":"WebPage","@id":"https:\/\/beazaccelerationprogram.eus\/es\/programa-de-capacitacion\/","url":"https:\/\/beazaccelerationprogram.eus\/es\/programa-de-capacitacion\/","name":"Programa de capacitaci\u00f3n para crecimiento empresarial - Beaz Acceleration Program","isPartOf":{"@id":"https:\/\/beazaccelerationprogram.eus\/es\/#website"},"primaryImageOfPage":{"@id":"https:\/\/beazaccelerationprogram.eus\/es\/programa-de-capacitacion\/#primaryimage"},"image":{"@id":"https:\/\/beazaccelerationprogram.eus\/es\/programa-de-capacitacion\/#primaryimage"},"thumbnailUrl":"https:\/\/beazaccelerationprogram.eus\/wp-content\/uploads\/2022\/04\/01_02_University_CON_claim_H-300x159.png","datePublished":"2022-03-25T09:23:01+00:00","dateModified":"2022-06-28T06:53:59+00:00","breadcrumb":{"@id":"https:\/\/beazaccelerationprogram.eus\/es\/programa-de-capacitacion\/#breadcrumb"},"inLanguage":"es","potentialAction":[{"@type":"ReadAction","target":["https:\/\/beazaccelerationprogram.eus\/es\/programa-de-capacitacion\/"]}]},{"@type":"ImageObject","inLanguage":"es","@id":"https:\/\/beazaccelerationprogram.eus\/es\/programa-de-capacitacion\/#primaryimage","url":"https:\/\/beazaccelerationprogram.eus\/wp-content\/uploads\/2022\/04\/01_02_University_CON_claim_H-300x159.png","contentUrl":"https:\/\/beazaccelerationprogram.eus\/wp-content\/uploads\/2022\/04\/01_02_University_CON_claim_H-300x159.png"},{"@type":"BreadcrumbList","@id":"https:\/\/beazaccelerationprogram.eus\/es\/programa-de-capacitacion\/#breadcrumb","itemListElement":[{"@type":"ListItem","position":1,"name":"Portada","item":"https:\/\/beazaccelerationprogram.eus\/es\/"},{"@type":"ListItem","position":2,"name":"Programa de capacitaci\u00f3n para crecimiento empresarial"}]},{"@type":"WebSite","@id":"https:\/\/beazaccelerationprogram.eus\/es\/#website","url":"https:\/\/beazaccelerationprogram.eus\/es\/","name":"Beaz Acceleration Program","description":"Programa de aceleraci\u00f3n para startups","potentialAction":[{"@type":"SearchAction","target":{"@type":"EntryPoint","urlTemplate":"https:\/\/beazaccelerationprogram.eus\/es\/?s={search_term_string}"},"query-input":{"@type":"PropertyValueSpecification","valueRequired":true,"valueName":"search_term_string"}}],"inLanguage":"es"}]}},"_links":{"self":[{"href":"https:\/\/beazaccelerationprogram.eus\/es\/wp-json\/wp\/v2\/pages\/681","targetHints":{"allow":["GET"]}}],"collection":[{"href":"https:\/\/beazaccelerationprogram.eus\/es\/wp-json\/wp\/v2\/pages"}],"about":[{"href":"https:\/\/beazaccelerationprogram.eus\/es\/wp-json\/wp\/v2\/types\/page"}],"author":[{"embeddable":true,"href":"https:\/\/beazaccelerationprogram.eus\/es\/wp-json\/wp\/v2\/users\/4"}],"replies":[{"embeddable":true,"href":"https:\/\/beazaccelerationprogram.eus\/es\/wp-json\/wp\/v2\/comments?post=681"}],"version-history":[{"count":10,"href":"https:\/\/beazaccelerationprogram.eus\/es\/wp-json\/wp\/v2\/pages\/681\/revisions"}],"predecessor-version":[{"id":762,"href":"https:\/\/beazaccelerationprogram.eus\/es\/wp-json\/wp\/v2\/pages\/681\/revisions\/762"}],"wp:attachment":[{"href":"https:\/\/beazaccelerationprogram.eus\/es\/wp-json\/wp\/v2\/media?parent=681"}],"curies":[{"name":"wp","href":"https:\/\/api.w.org\/{rel}","templated":true}]}}