{"id":12,"date":"2021-12-22T10:24:29","date_gmt":"2021-12-22T10:24:29","guid":{"rendered":"https:\/\/beazaccelerationprogram.eus\/?page_id=12"},"modified":"2024-04-17T11:24:17","modified_gmt":"2024-04-17T11:24:17","slug":"consejo-asesor","status":"publish","type":"page","link":"https:\/\/beazaccelerationprogram.eus\/es\/consejo-asesor\/","title":{"rendered":"Consejo asesor"},"content":{"rendered":"<p>[vc_row rt_row_background_width=\u00bbdefault\u00bb rt_row_style=\u00bbdefault-style\u00bb rt_row_borders=\u00bb\u00bb rt_row_paddings=\u00bbtrue\u00bb rt_bg_effect=\u00bbclassic\u00bb rt_bg_image_repeat=\u00bbrepeat\u00bb rt_bg_size=\u00bbcover\u00bb rt_bg_position=\u00bbright top\u00bb rt_bg_attachment=\u00bbscroll\u00bb rt_bg_video_format=\u00bbself-hosted\u00bb][vc_column width=\u00bb1\/2&#8243; rt_wrp_col_paddings=\u00bbfalse\u00bb rt_border_top=\u00bb\u00bb rt_border_bottom=\u00bb\u00bb rt_border_left=\u00bb\u00bb rt_border_right=\u00bb\u00bb rt_border_top_mobile=\u00bb\u00bb rt_border_bottom_mobile=\u00bb\u00bb rt_border_left_mobile=\u00bb\u00bb rt_border_right_mobile=\u00bb\u00bb rt_bg_image_repeat=\u00bbrepeat\u00bb rt_bg_size=\u00bbauto auto\u00bb rt_bg_position=\u00bbright top\u00bb rt_bg_attachment=\u00bbscroll\u00bb]<div class=\"cq-imagetoggle cq-imagetoggle-position-left cq-imagetoggle-shape-round\" data-position=\"left\" data-bgcolor=\"#999999\" data-isdisplay=\"\" data-elementheight=\"\" data-autodelay=\"2\"><div class=\"cq-imagetoggle-content\" style=\"height:\"><div class=\"cq-imagetoggle-imagecontainer\" style=\"background-image:url(https:\/\/beazaccelerationprogram.eus\/wp-content\/uploads\/2021\/12\/carezo.jpeg);\"><\/div><div class=\"cq-imagetoggle-text\" style=\"background-color:#999999\"><h3 class=\"cq-imagetoggle-title\" style=\"color:;font-size:\">MATHIEU CARENZO<\/h3><p class=\"cq-imagetoggle-description\" style=\"color:;font-size:\">Mentor financiero<\/p><div class=\"cq-imagetoggle-arrowcontainer\"><div class=\"cq-imagetoggle-arrow\" style=\"border-top: 30px solid transparent; border-right: 30px solid #999999; border-left: 30px solid transparent; border-bottom: 30px solid transparent;\"><\/div><\/div><\/div><\/div><div class=\"cq-imagetoggle-moretext\" style=\"background-color:#ffffff\"><strong>Socio fundador de Venture Hub, una firma consultora que apoya el escalado de empresas emergentes de alto crecimiento y el desarrollo de habilidades empresariales en la sociedad en general.<\/strong><\/p>\n<p>Mathieu trabaj\u00f3 en diferentes puestos en Europa y Am\u00e9rica, principalmente en puestos de intraemprendimiento corporativo. Despu\u00e9s de una experiencia en Danone para comenzar su carrera, trabaj\u00f3 en la sucursal de helic\u00f3pteros de EADS: Eurocopter. Lider\u00f3 el crecimiento de la empresa en M\u00e9xico, el Caribe y Centroam\u00e9rica desarrollando su experiencia en el establecimiento de nuevas estructuras y el desarrollo de nuevos mercados.<\/p>\n[button button_text=\"Linkedin\" button_size=\"small\" button_style=\"color\" button_icon=\"icon-linkedin\" button_align=\"\" button_link=\"https:\/\/www.linkedin.com\/in\/mathieucarenzo\/\" link_open=\"_new\" href_title=\"\" id=\"\" class=\"\"]<\/div><\/div><div class=\"cq-imagetoggle cq-imagetoggle-position-left cq-imagetoggle-shape-round\" data-position=\"left\" data-bgcolor=\"#999999\" data-isdisplay=\"\" data-elementheight=\"\" data-autodelay=\"2\"><div class=\"cq-imagetoggle-content\" style=\"height:\"><div class=\"cq-imagetoggle-imagecontainer\" style=\"background-image:url(https:\/\/beazaccelerationprogram.eus\/wp-content\/uploads\/2022\/01\/nestor-guerra-bn.jpg);\"><\/div><div class=\"cq-imagetoggle-text\" style=\"background-color:#999999\"><h3 class=\"cq-imagetoggle-title\" style=\"color:;font-size:\">N\u00c9STOR GUERRA<\/h3><p class=\"cq-imagetoggle-description\" style=\"color:;font-size:\">Mentor modelo de negocio<\/p><div class=\"cq-imagetoggle-arrowcontainer\"><div class=\"cq-imagetoggle-arrow\" style=\"border-top: 30px solid transparent; border-right: 30px solid #999999; border-left: 30px solid transparent; border-bottom: 30px solid transparent;\"><\/div><\/div><\/div><\/div><div class=\"cq-imagetoggle-moretext\" style=\"background-color:#ffffff\"><strong>Ponente Internacional y Consultor de Innovaci\u00f3n. Profesor de Escuela de Negocios. Dise\u00f1ador de negocios. Especialista en enfoque Lean Startup.<\/strong><\/p>\n<p>Uno de los expertos m\u00e1s reconocidos en el \u00e1mbito de emprendimiento Lean Startup. Ha sido ponente en eventos tan importantes como TEDx, Expomanagement, Sal\u00f3n miEmprensa, ESL, EBE entre otros. Adem\u00e1s, imparte formaci\u00f3n, consultor\u00eda y mentoring sobre sobre innovaci\u00f3n e intraemprendimiento usando enfoques Lean Startup en compa\u00f1\u00edas multinacionales de IBEX35.<\/p>\n[button button_text=\"Linkedin\" button_size=\"small\" button_style=\"color\" button_icon=\"icon-linkedin\" button_align=\"\" button_link=\"https:\/\/www.linkedin.com\/in\/nestorguerra\/\" link_open=\"_new\" href_title=\"\" id=\"\" class=\"\"]<\/div><\/div><div class=\"cq-imagetoggle cq-imagetoggle-position-left cq-imagetoggle-shape-round\" data-position=\"left\" data-bgcolor=\"#999999\" data-isdisplay=\"\" data-elementheight=\"\" data-autodelay=\"2\"><div class=\"cq-imagetoggle-content\" style=\"height:\"><div class=\"cq-imagetoggle-imagecontainer\" style=\"background-image:url(https:\/\/beazaccelerationprogram.eus\/wp-content\/uploads\/2022\/01\/Aletxu-Echevarria-bn.jpg);\"><\/div><div class=\"cq-imagetoggle-text\" style=\"background-color:#999999\"><h3 class=\"cq-imagetoggle-title\" style=\"color:;font-size:\">ALETXU ECHEVARR\u00cdA<\/h3><p class=\"cq-imagetoggle-description\" style=\"color:;font-size:\">Mentor comunicaci\u00f3n y digital<\/p><div class=\"cq-imagetoggle-arrowcontainer\"><div class=\"cq-imagetoggle-arrow\" style=\"border-top: 30px solid transparent; border-right: 30px solid #999999; border-left: 30px solid transparent; border-bottom: 30px solid transparent;\"><\/div><\/div><\/div><\/div><div class=\"cq-imagetoggle-moretext\" style=\"background-color:#ffffff\"><strong>CEO y fundador de The Blackout Project, dedicada a producir contenidos para acciones de m\u00e1rketing digital. Es tambi\u00e9n profesor de M\u00e1rketing Digital en la Universidad de Deusto.<\/strong><\/p>\n<p>Hace m\u00e1s de una d\u00e9cada inici\u00f3 su carrera como empresario -empresa y comunicaci\u00f3n vienen de serie en su configuraci\u00f3n gen\u00e9tica- para participar como fundador en firmas ligadas al mundo digital como Boletus Network, Muchomove o BrightVibes.<\/p>\n[button button_text=\"Linkedin\" button_size=\"small\" button_style=\"color\" button_icon=\"icon-linkedin\" button_align=\"\" button_link=\"https:\/\/www.linkedin.com\/in\/aletxu\/\" link_open=\"_new\" href_title=\"\" id=\"\" class=\"\"]<\/div><\/div>[\/vc_column][vc_column width=\u00bb1\/2&#8243; rt_wrp_col_paddings=\u00bbfalse\u00bb rt_border_top=\u00bb\u00bb rt_border_bottom=\u00bb\u00bb rt_border_left=\u00bb\u00bb rt_border_right=\u00bb\u00bb rt_border_top_mobile=\u00bb\u00bb rt_border_bottom_mobile=\u00bb\u00bb rt_border_left_mobile=\u00bb\u00bb rt_border_right_mobile=\u00bb\u00bb rt_bg_image_repeat=\u00bbrepeat\u00bb rt_bg_size=\u00bbauto auto\u00bb rt_bg_position=\u00bbright top\u00bb rt_bg_attachment=\u00bbscroll\u00bb]<div class=\"cq-imagetoggle cq-imagetoggle-position-left cq-imagetoggle-shape-round\" data-position=\"left\" data-bgcolor=\"#999999\" data-isdisplay=\"\" data-elementheight=\"\" data-autodelay=\"2\"><div class=\"cq-imagetoggle-content\" style=\"height:\"><div class=\"cq-imagetoggle-imagecontainer\" style=\"background-image:url(https:\/\/beazaccelerationprogram.eus\/wp-content\/uploads\/2022\/01\/norberto-bn2.jpg);\"><\/div><div class=\"cq-imagetoggle-text\" style=\"background-color:#999999\"><h3 class=\"cq-imagetoggle-title\" style=\"color:;font-size:\">NORBERTO MUGARZA<\/h3><p class=\"cq-imagetoggle-description\" style=\"color:;font-size:\">Mentor networker industrial<\/p><div class=\"cq-imagetoggle-arrowcontainer\"><div class=\"cq-imagetoggle-arrow\" style=\"border-top: 30px solid transparent; border-right: 30px solid #999999; border-left: 30px solid transparent; border-bottom: 30px solid transparent;\"><\/div><\/div><\/div><\/div><div class=\"cq-imagetoggle-moretext\" style=\"background-color:#ffffff\"><strong>Consultor, emprendedor e inversor en diferentes iniciativas empresariales, de diferentes \u00e1mbitos de negocio.<\/strong><\/p>\n<p>M\u00e1s de 25 a\u00f1os de experiencia asesorando en la puesta en marcha de start-ups. Adem\u00e1s, desde el 2009 como emprendedor &amp; inversor, poniendo en marcha y asesorando en el crecimiento de start-ups en \u00e1mbitos tecnol\u00f3gicos como Biolan, Mecwins, Mikrobiomik, Veracetics, Progenika, Abyntek, etc.<\/p>\n<p>Fundador de Barante Business Development en 2017 con el objetivo de participar en procesos de crecimiento y aceleraci\u00f3n de empresas, como asesor &amp; inversor.<\/p>\n[button button_text=\"Linkedin\" button_size=\"small\" button_style=\"color\" button_icon=\"icon-linkedin\" button_align=\"\" button_link=\"https:\/\/www.linkedin.com\/in\/norberto-mugarza\/\" link_open=\"_new\" href_title=\"\" id=\"\" class=\"\"]<\/div><\/div><div class=\"cq-imagetoggle cq-imagetoggle-position-left cq-imagetoggle-shape-round\" data-position=\"left\" data-bgcolor=\"#999999\" data-isdisplay=\"\" data-elementheight=\"\" data-autodelay=\"2\"><div class=\"cq-imagetoggle-content\" style=\"height:\"><div class=\"cq-imagetoggle-imagecontainer\" style=\"background-image:url(https:\/\/beazaccelerationprogram.eus\/wp-content\/uploads\/2023\/03\/Silvia_400x400.png);\"><\/div><div class=\"cq-imagetoggle-text\" style=\"background-color:#999999\"><h3 class=\"cq-imagetoggle-title\" style=\"color:;font-size:\">SILVIA MART\u00cdNEZ<\/h3><p class=\"cq-imagetoggle-description\" style=\"color:;font-size:\">Mentora jur\u00eddica<\/p><div class=\"cq-imagetoggle-arrowcontainer\"><div class=\"cq-imagetoggle-arrow\" style=\"border-top: 30px solid transparent; border-right: 30px solid #999999; border-left: 30px solid transparent; border-bottom: 30px solid transparent;\"><\/div><\/div><\/div><\/div><div class=\"cq-imagetoggle-moretext\" style=\"background-color:#ffffff\"><strong>Managing Partner y fundadora de Lexcrea, despacho legal l\u00edder en el asesoramiento y apoyo jur\u00eddico a personas inversoras y emprendedoras.<\/strong><\/p>\n<p>Reconocida experta en el asesoramiento en operaciones de inversi\u00f3n, fusiones y adquisiciones (M&amp;A) y estructuraci\u00f3n de fondos. Con 127 operaciones, es la abogada con mayor n\u00famero de transacciones asesoradas de M&amp;A en el periodo 2018-2022. Ha apoyado a m\u00e1s de 500 startups en sus procesos de crecimiento y rondas de financiaci\u00f3n. Ponente habitual y mentora en IESE Business School, Esade Business School, Parlem Ventures, Berriup y AticcoLab, entre otras.<\/p>\n[button button_text=\"Linkedin\" button_size=\"small\" button_style=\"color\" button_icon=\"icon-linkedin\" button_align=\"\" button_link=\"https:\/\/www.linkedin.com\/in\/silviamart%C3%ADnezlosas\/\" link_open=\"_new\" href_title=\"\" id=\"\" class=\"\"]<\/div><\/div>[\/vc_column][\/vc_row]<\/p>\n","protected":false},"excerpt":{"rendered":"<p>[vc_row rt_row_background_width=\u00bbdefault\u00bb rt_row_style=\u00bbdefault-style\u00bb rt_row_borders=\u00bb\u00bb rt_row_paddings=\u00bbtrue\u00bb rt_bg_effect=\u00bbclassic\u00bb rt_bg_image_repeat=\u00bbrepeat\u00bb rt_bg_size=\u00bbcover\u00bb rt_bg_position=\u00bbright top\u00bb rt_bg_attachment=\u00bbscroll\u00bb rt_bg_video_format=\u00bbself-hosted\u00bb][vc_column width=\u00bb1\/2&#8243; rt_wrp_col_paddings=\u00bbfalse\u00bb rt_border_top=\u00bb\u00bb rt_border_bottom=\u00bb\u00bb rt_border_left=\u00bb\u00bb rt_border_right=\u00bb\u00bb rt_border_top_mobile=\u00bb\u00bb rt_border_bottom_mobile=\u00bb\u00bb rt_border_left_mobile=\u00bb\u00bb rt_border_right_mobile=\u00bb\u00bb rt_bg_image_repeat=\u00bbrepeat\u00bb rt_bg_size=\u00bbauto auto\u00bb rt_bg_position=\u00bbright top\u00bb rt_bg_attachment=\u00bbscroll\u00bb][\/vc_column][vc_column width=\u00bb1\/2&#8243; rt_wrp_col_paddings=\u00bbfalse\u00bb rt_border_top=\u00bb\u00bb rt_border_bottom=\u00bb\u00bb rt_border_left=\u00bb\u00bb rt_border_right=\u00bb\u00bb rt_border_top_mobile=\u00bb\u00bb rt_border_bottom_mobile=\u00bb\u00bb rt_border_left_mobile=\u00bb\u00bb rt_border_right_mobile=\u00bb\u00bb rt_bg_image_repeat=\u00bbrepeat\u00bb rt_bg_size=\u00bbauto auto\u00bb rt_bg_position=\u00bbright top\u00bb rt_bg_attachment=\u00bbscroll\u00bb][\/vc_column][\/vc_row]<\/p>\n","protected":false},"author":4,"featured_media":0,"parent":0,"menu_order":0,"comment_status":"closed","ping_status":"closed","template":"","meta":{"footnotes":""},"class_list":["post-12","page","type-page","status-publish","hentry"],"yoast_head":"<!-- This site is optimized with the Yoast SEO plugin v24.1 - https:\/\/yoast.com\/wordpress\/plugins\/seo\/ -->\n<title>Consejo asesor - Beaz Acceleration Program<\/title>\n<meta name=\"robots\" content=\"index, follow, max-snippet:-1, max-image-preview:large, max-video-preview:-1\" \/>\n<link rel=\"canonical\" href=\"https:\/\/beazaccelerationprogram.eus\/es\/consejo-asesor\/\" \/>\n<meta property=\"og:locale\" content=\"es_ES\" \/>\n<meta property=\"og:type\" content=\"article\" \/>\n<meta property=\"og:title\" content=\"Consejo asesor - Beaz Acceleration Program\" \/>\n<meta property=\"og:description\" content=\"[vc_row rt_row_background_width=\u00bbdefault\u00bb rt_row_style=\u00bbdefault-style\u00bb rt_row_borders=\u00bb\u00bb rt_row_paddings=\u00bbtrue\u00bb rt_bg_effect=\u00bbclassic\u00bb rt_bg_image_repeat=\u00bbrepeat\u00bb rt_bg_size=\u00bbcover\u00bb rt_bg_position=\u00bbright top\u00bb rt_bg_attachment=\u00bbscroll\u00bb rt_bg_video_format=\u00bbself-hosted\u00bb][vc_column width=\u00bb1\/2&#8243; rt_wrp_col_paddings=\u00bbfalse\u00bb rt_border_top=\u00bb\u00bb rt_border_bottom=\u00bb\u00bb rt_border_left=\u00bb\u00bb rt_border_right=\u00bb\u00bb rt_border_top_mobile=\u00bb\u00bb rt_border_bottom_mobile=\u00bb\u00bb rt_border_left_mobile=\u00bb\u00bb rt_border_right_mobile=\u00bb\u00bb rt_bg_image_repeat=\u00bbrepeat\u00bb rt_bg_size=\u00bbauto auto\u00bb rt_bg_position=\u00bbright top\u00bb rt_bg_attachment=\u00bbscroll\u00bb][\/vc_column][vc_column width=\u00bb1\/2&#8243; rt_wrp_col_paddings=\u00bbfalse\u00bb rt_border_top=\u00bb\u00bb rt_border_bottom=\u00bb\u00bb rt_border_left=\u00bb\u00bb rt_border_right=\u00bb\u00bb rt_border_top_mobile=\u00bb\u00bb rt_border_bottom_mobile=\u00bb\u00bb rt_border_left_mobile=\u00bb\u00bb rt_border_right_mobile=\u00bb\u00bb rt_bg_image_repeat=\u00bbrepeat\u00bb rt_bg_size=\u00bbauto auto\u00bb rt_bg_position=\u00bbright top\u00bb rt_bg_attachment=\u00bbscroll\u00bb][\/vc_column][\/vc_row]\" \/>\n<meta property=\"og:url\" content=\"https:\/\/beazaccelerationprogram.eus\/es\/consejo-asesor\/\" \/>\n<meta property=\"og:site_name\" content=\"Beaz Acceleration Program\" \/>\n<meta property=\"article:modified_time\" content=\"2024-04-17T11:24:17+00:00\" \/>\n<meta name=\"twitter:card\" content=\"summary_large_image\" \/>\n<meta name=\"twitter:label1\" content=\"Tiempo de lectura\" \/>\n\t<meta name=\"twitter:data1\" content=\"5 minutos\" \/>\n<script type=\"application\/ld+json\" class=\"yoast-schema-graph\">{\"@context\":\"https:\/\/schema.org\",\"@graph\":[{\"@type\":\"WebPage\",\"@id\":\"https:\/\/beazaccelerationprogram.eus\/es\/consejo-asesor\/\",\"url\":\"https:\/\/beazaccelerationprogram.eus\/es\/consejo-asesor\/\",\"name\":\"Consejo asesor - Beaz Acceleration Program\",\"isPartOf\":{\"@id\":\"https:\/\/beazaccelerationprogram.eus\/es\/#website\"},\"datePublished\":\"2021-12-22T10:24:29+00:00\",\"dateModified\":\"2024-04-17T11:24:17+00:00\",\"breadcrumb\":{\"@id\":\"https:\/\/beazaccelerationprogram.eus\/es\/consejo-asesor\/#breadcrumb\"},\"inLanguage\":\"es\",\"potentialAction\":[{\"@type\":\"ReadAction\",\"target\":[\"https:\/\/beazaccelerationprogram.eus\/es\/consejo-asesor\/\"]}]},{\"@type\":\"BreadcrumbList\",\"@id\":\"https:\/\/beazaccelerationprogram.eus\/es\/consejo-asesor\/#breadcrumb\",\"itemListElement\":[{\"@type\":\"ListItem\",\"position\":1,\"name\":\"Portada\",\"item\":\"https:\/\/beazaccelerationprogram.eus\/es\/\"},{\"@type\":\"ListItem\",\"position\":2,\"name\":\"Consejo asesor\"}]},{\"@type\":\"WebSite\",\"@id\":\"https:\/\/beazaccelerationprogram.eus\/es\/#website\",\"url\":\"https:\/\/beazaccelerationprogram.eus\/es\/\",\"name\":\"Beaz Acceleration Program\",\"description\":\"Programa de aceleraci\u00f3n para startups\",\"potentialAction\":[{\"@type\":\"SearchAction\",\"target\":{\"@type\":\"EntryPoint\",\"urlTemplate\":\"https:\/\/beazaccelerationprogram.eus\/es\/?s={search_term_string}\"},\"query-input\":{\"@type\":\"PropertyValueSpecification\",\"valueRequired\":true,\"valueName\":\"search_term_string\"}}],\"inLanguage\":\"es\"}]}<\/script>\n<!-- \/ Yoast SEO plugin. -->","yoast_head_json":{"title":"Consejo asesor - Beaz Acceleration Program","robots":{"index":"index","follow":"follow","max-snippet":"max-snippet:-1","max-image-preview":"max-image-preview:large","max-video-preview":"max-video-preview:-1"},"canonical":"https:\/\/beazaccelerationprogram.eus\/es\/consejo-asesor\/","og_locale":"es_ES","og_type":"article","og_title":"Consejo asesor - Beaz Acceleration Program","og_description":"[vc_row rt_row_background_width=\u00bbdefault\u00bb rt_row_style=\u00bbdefault-style\u00bb rt_row_borders=\u00bb\u00bb rt_row_paddings=\u00bbtrue\u00bb rt_bg_effect=\u00bbclassic\u00bb rt_bg_image_repeat=\u00bbrepeat\u00bb rt_bg_size=\u00bbcover\u00bb rt_bg_position=\u00bbright top\u00bb rt_bg_attachment=\u00bbscroll\u00bb rt_bg_video_format=\u00bbself-hosted\u00bb][vc_column width=\u00bb1\/2&#8243; rt_wrp_col_paddings=\u00bbfalse\u00bb rt_border_top=\u00bb\u00bb rt_border_bottom=\u00bb\u00bb rt_border_left=\u00bb\u00bb rt_border_right=\u00bb\u00bb rt_border_top_mobile=\u00bb\u00bb rt_border_bottom_mobile=\u00bb\u00bb rt_border_left_mobile=\u00bb\u00bb rt_border_right_mobile=\u00bb\u00bb rt_bg_image_repeat=\u00bbrepeat\u00bb rt_bg_size=\u00bbauto auto\u00bb rt_bg_position=\u00bbright top\u00bb rt_bg_attachment=\u00bbscroll\u00bb][\/vc_column][vc_column width=\u00bb1\/2&#8243; rt_wrp_col_paddings=\u00bbfalse\u00bb rt_border_top=\u00bb\u00bb rt_border_bottom=\u00bb\u00bb rt_border_left=\u00bb\u00bb rt_border_right=\u00bb\u00bb rt_border_top_mobile=\u00bb\u00bb rt_border_bottom_mobile=\u00bb\u00bb rt_border_left_mobile=\u00bb\u00bb rt_border_right_mobile=\u00bb\u00bb rt_bg_image_repeat=\u00bbrepeat\u00bb rt_bg_size=\u00bbauto auto\u00bb rt_bg_position=\u00bbright top\u00bb rt_bg_attachment=\u00bbscroll\u00bb][\/vc_column][\/vc_row]","og_url":"https:\/\/beazaccelerationprogram.eus\/es\/consejo-asesor\/","og_site_name":"Beaz Acceleration Program","article_modified_time":"2024-04-17T11:24:17+00:00","twitter_card":"summary_large_image","twitter_misc":{"Tiempo de lectura":"5 minutos"},"schema":{"@context":"https:\/\/schema.org","@graph":[{"@type":"WebPage","@id":"https:\/\/beazaccelerationprogram.eus\/es\/consejo-asesor\/","url":"https:\/\/beazaccelerationprogram.eus\/es\/consejo-asesor\/","name":"Consejo asesor - Beaz Acceleration Program","isPartOf":{"@id":"https:\/\/beazaccelerationprogram.eus\/es\/#website"},"datePublished":"2021-12-22T10:24:29+00:00","dateModified":"2024-04-17T11:24:17+00:00","breadcrumb":{"@id":"https:\/\/beazaccelerationprogram.eus\/es\/consejo-asesor\/#breadcrumb"},"inLanguage":"es","potentialAction":[{"@type":"ReadAction","target":["https:\/\/beazaccelerationprogram.eus\/es\/consejo-asesor\/"]}]},{"@type":"BreadcrumbList","@id":"https:\/\/beazaccelerationprogram.eus\/es\/consejo-asesor\/#breadcrumb","itemListElement":[{"@type":"ListItem","position":1,"name":"Portada","item":"https:\/\/beazaccelerationprogram.eus\/es\/"},{"@type":"ListItem","position":2,"name":"Consejo asesor"}]},{"@type":"WebSite","@id":"https:\/\/beazaccelerationprogram.eus\/es\/#website","url":"https:\/\/beazaccelerationprogram.eus\/es\/","name":"Beaz Acceleration Program","description":"Programa de aceleraci\u00f3n para startups","potentialAction":[{"@type":"SearchAction","target":{"@type":"EntryPoint","urlTemplate":"https:\/\/beazaccelerationprogram.eus\/es\/?s={search_term_string}"},"query-input":{"@type":"PropertyValueSpecification","valueRequired":true,"valueName":"search_term_string"}}],"inLanguage":"es"}]}},"_links":{"self":[{"href":"https:\/\/beazaccelerationprogram.eus\/es\/wp-json\/wp\/v2\/pages\/12","targetHints":{"allow":["GET"]}}],"collection":[{"href":"https:\/\/beazaccelerationprogram.eus\/es\/wp-json\/wp\/v2\/pages"}],"about":[{"href":"https:\/\/beazaccelerationprogram.eus\/es\/wp-json\/wp\/v2\/types\/page"}],"author":[{"embeddable":true,"href":"https:\/\/beazaccelerationprogram.eus\/es\/wp-json\/wp\/v2\/users\/4"}],"replies":[{"embeddable":true,"href":"https:\/\/beazaccelerationprogram.eus\/es\/wp-json\/wp\/v2\/comments?post=12"}],"version-history":[{"count":26,"href":"https:\/\/beazaccelerationprogram.eus\/es\/wp-json\/wp\/v2\/pages\/12\/revisions"}],"predecessor-version":[{"id":1762,"href":"https:\/\/beazaccelerationprogram.eus\/es\/wp-json\/wp\/v2\/pages\/12\/revisions\/1762"}],"wp:attachment":[{"href":"https:\/\/beazaccelerationprogram.eus\/es\/wp-json\/wp\/v2\/media?parent=12"}],"curies":[{"name":"wp","href":"https:\/\/api.w.org\/{rel}","templated":true}]}}